{"id":31,"date":"2024-09-01T08:59:30","date_gmt":"2024-09-01T08:59:30","guid":{"rendered":"https:\/\/goizbelan.com\/?page_id=31"},"modified":"2025-08-08T08:50:04","modified_gmt":"2025-08-08T08:50:04","slug":"services","status":"publish","type":"page","link":"https:\/\/goizbelan.com\/en\/services\/","title":{"rendered":"Services"},"content":{"rendered":"<h1 class=\"wp-block-heading alignfull has-text-align-center\"><\/h1>\n\n\n\n<div class=\"wp-block-uagb-container uagb-block-fd4a3053 alignfull uagb-is-root-container\"><div class=\"uagb-container-inner-blocks-wrap\">\n<div class=\"wp-block-uagb-advanced-heading uagb-block-1d54974c\"><h2 class=\"uagb-heading-text\">Main Services<\/h2><\/div>\n\n\n\n<div class=\"wp-block-uagb-container uagb-layout-grid uagb-block-6dfd2085\">\n<div class=\"wp-block-uagb-container uagb-block-688f5efc\">\n<div class=\"wp-block-uagb-image alignleft uagb-block-86653dc4 wp-block-uagb-image--layout-default wp-block-uagb-image--effect-static wp-block-uagb-image--align-left\"><figure class=\"wp-block-uagb-image__figure\"><img decoding=\"async\" srcset=\"https:\/\/goizbelan.com\/wp-content\/uploads\/2024\/09\/MOVIT-MOBILIS-GOIZBELAN-GRUAS-POLIPASTOS-1.jpg ,https:\/\/goizbelan.com\/wp-content\/uploads\/2024\/09\/MOVIT-MOBILIS-GOIZBELAN-GRUAS-POLIPASTOS-1.jpg 780w, https:\/\/goizbelan.com\/wp-content\/uploads\/2024\/09\/MOVIT-MOBILIS-GOIZBELAN-GRUAS-POLIPASTOS-1.jpg 360w\" sizes=\"auto, (max-width: 480px) 150px\" src=\"https:\/\/goizbelan.com\/wp-content\/uploads\/2024\/09\/MOVIT-MOBILIS-GOIZBELAN-GRUAS-POLIPASTOS-1.jpg\" alt=\"MOVIT MOBILIS GOIZBELAN RIEL ELECTRICO PUENTE GRUA Y POLIPASTO\" class=\"uag-image-1623\" width=\"565\" height=\"350\" title=\"MOVIT MOBILIS GOIZBELAN ELECTRIC RAIL BRIDGE CRANE AND HOIST\" loading=\"lazy\" role=\"img\"\/><\/figure><\/div>\n\n\n\n<div class=\"wp-block-uagb-advanced-heading uagb-block-a9628216\"><h3 class=\"uagb-heading-text\">Installation<\/h3><p class=\"uagb-desc-text\">We offer specialized services in the installation of power supply systems for cranes and mobile machinery. Our products stand out for their simplicity and high performance, guaranteeing an efficient and safe power supply for your equipment.<\/p><\/div>\n<\/div>\n\n\n\n<div class=\"wp-block-uagb-container uagb-block-bcecf630\">\n<div class=\"wp-block-uagb-image alignleft uagb-block-2fdd2037 wp-block-uagb-image--layout-default wp-block-uagb-image--effect-static wp-block-uagb-image--align-left\"><figure class=\"wp-block-uagb-image__figure\"><img decoding=\"async\" srcset=\"https:\/\/goizbelan.com\/wp-content\/uploads\/2024\/09\/elite-mobilis-goizbelan-soluciones-electrificacion-1024x577.jpg ,https:\/\/goizbelan.com\/wp-content\/uploads\/2024\/09\/elite-mobilis-goizbelan-soluciones-electrificacion.jpg 780w, https:\/\/goizbelan.com\/wp-content\/uploads\/2024\/09\/elite-mobilis-goizbelan-soluciones-electrificacion.jpg 360w\" sizes=\"auto, (max-width: 480px) 150px\" src=\"https:\/\/goizbelan.com\/wp-content\/uploads\/2024\/09\/elite-mobilis-goizbelan-soluciones-electrificacion-1024x577.jpg\" alt=\"ELITE MOBILIS GOIZBELAN - SOLUCIONES ELECTRICAS PUENTE GRUA Y POLIPASTO\" class=\"uag-image-1594\" width=\"565\" height=\"350\" title=\"ELITE MOBILIS GOIZBELAN - ELECTRIC OVERHEAD CRANE AND HOIST SOLUTIONS\" loading=\"lazy\" role=\"img\"\/><\/figure><\/div>\n\n\n\n<div class=\"wp-block-uagb-advanced-heading uagb-block-3a66f6da\"><h3 class=\"uagb-heading-text\">Maintenance<\/h3><p class=\"uagb-desc-text\">Our maintenance service ensures that your power supply systems operate optimally over time. We perform periodic check-ups, repairs and upgrades to ensure the reliability and durability of your equipment.<\/p><\/div>\n<\/div>\n\n\n\n<div class=\"wp-block-uagb-container uagb-block-9ece309e\">\n<div class=\"wp-block-uagb-image alignleft uagb-block-4271067e wp-block-uagb-image--layout-default wp-block-uagb-image--effect-static wp-block-uagb-image--align-left\"><figure class=\"wp-block-uagb-image__figure\"><img decoding=\"async\" srcset=\"https:\/\/goizbelan.com\/wp-content\/uploads\/2024\/09\/movit-mobilis-goizbelan-maquinaria-toma-corriente-movil-1024x577.jpg ,https:\/\/goizbelan.com\/wp-content\/uploads\/2024\/09\/movit-mobilis-goizbelan-maquinaria-toma-corriente-movil.jpg 780w, https:\/\/goizbelan.com\/wp-content\/uploads\/2024\/09\/movit-mobilis-goizbelan-maquinaria-toma-corriente-movil.jpg 360w\" sizes=\"auto, (max-width: 480px) 150px\" src=\"https:\/\/goizbelan.com\/wp-content\/uploads\/2024\/09\/movit-mobilis-goizbelan-maquinaria-toma-corriente-movil-1024x577.jpg\" alt=\"MOVIT MOBILIS - MAQUINARIA TOMA CORRIENTE MOVIL - CARRIL ELECTRICO PUENTE GRUA\" class=\"uag-image-1583\" width=\"565\" height=\"350\" title=\"MOVIT MOBILIS - MOBILE POWER SOCKET MACHINERY - ELECTRIC RAIL OVERHEAD CRANE BRIDGE CRANE\" loading=\"lazy\" role=\"img\"\/><\/figure><\/div>\n\n\n\n<div class=\"wp-block-uagb-advanced-heading uagb-block-4afb6a4c\"><h3 class=\"uagb-heading-text\">Consulting<\/h3><p class=\"uagb-desc-text\">We provide personalized advice to help you select the most suitable mobile power solution for your needs. Our team of experts will guide you every step of the way, from product selection to installation and commissioning.<\/p><\/div>\n<\/div>\n\n\n\n<div class=\"wp-block-uagb-container uagb-block-14bfbaa4\">\n<div class=\"wp-block-uagb-image alignleft uagb-block-dc1134e2 wp-block-uagb-image--layout-default wp-block-uagb-image--effect-static wp-block-uagb-image--align-left\"><figure class=\"wp-block-uagb-image__figure\"><img decoding=\"async\" srcset=\"https:\/\/goizbelan.com\/wp-content\/uploads\/2024\/09\/inno-mobilis-goizbelan-fachadas-verticales-1024x577.jpg ,https:\/\/goizbelan.com\/wp-content\/uploads\/2024\/09\/inno-mobilis-goizbelan-fachadas-verticales.jpg 780w, https:\/\/goizbelan.com\/wp-content\/uploads\/2024\/09\/inno-mobilis-goizbelan-fachadas-verticales.jpg 360w\" sizes=\"auto, (max-width: 480px) 150px\" src=\"https:\/\/goizbelan.com\/wp-content\/uploads\/2024\/09\/inno-mobilis-goizbelan-fachadas-verticales-1024x577.jpg\" alt=\"INNO MOBILIS - FACHADAS VERTICALES - RIEL ELECTRICO PUENTE GRUA\" class=\"uag-image-1586\" width=\"565\" height=\"350\" title=\"INNO MOBILIS - VERTICAL FACADES - ELECTRIC CRANE BRIDGE RAIL\" loading=\"lazy\" role=\"img\"\/><\/figure><\/div>\n\n\n\n<div class=\"wp-block-uagb-advanced-heading uagb-block-f707ce13\"><h3 class=\"uagb-heading-text\">Technical Support<\/h3><p class=\"uagb-desc-text\">We have a highly qualified technical support team ready to handle any inquiry or incident related to our products. Our goal is to ensure that you get the maximum performance and benefit from our mobile power solutions.<\/p><\/div>\n<\/div>\n<\/div>\n<\/div><\/div>\n\n\n\n<p><\/p>","protected":false},"excerpt":{"rendered":"<p>Principales Servicios Instalaci\u00f3n Ofrecemos servicios especializados en la instalaci\u00f3n de sistemas de alimentaci\u00f3n el\u00e9ctrica para gr\u00faas y maquinaria m\u00f3vil. Nuestros [&hellip;]<\/p>\n","protected":false},"author":9,"featured_media":0,"parent":0,"menu_order":0,"comment_status":"closed","ping_status":"closed","template":"","meta":{"_uag_custom_page_level_css":"","site-sidebar-layout":"default","site-content-layout":"","ast-site-content-layout":"default","site-content-style":"default","site-sidebar-style":"default","ast-global-header-display":"","ast-banner-title-visibility":"","ast-main-header-display":"","ast-hfb-above-header-display":"","ast-hfb-below-header-display":"","ast-hfb-mobile-header-display":"","site-post-title":"disabled","ast-breadcrumbs-content":"","ast-featured-img":"","footer-sml-layout":"","ast-disable-related-posts":"","theme-transparent-header-meta":"","adv-header-id-meta":"","stick-header-meta":"","header-above-stick-meta":"","header-main-stick-meta":"","header-below-stick-meta":"","astra-migrate-meta-layouts":"set","ast-page-background-enabled":"default","ast-page-background-meta":{"desktop":{"background-color":"var(--ast-global-color-4)","background-image":"","background-repeat":"repeat","background-position":"center center","background-size":"auto","background-attachment":"scroll","background-type":"","background-media":"","overlay-type":"","overlay-color":"","overlay-opacity":"","overlay-gradient":""},"tablet":{"background-color":"","background-image":"","background-repeat":"repeat","background-position":"center center","background-size":"auto","background-attachment":"scroll","background-type":"","background-media":"","overlay-type":"","overlay-color":"","overlay-opacity":"","overlay-gradient":""},"mobile":{"background-color":"","background-image":"","background-repeat":"repeat","background-position":"center center","background-size":"auto","background-attachment":"scroll","background-type":"","background-media":"","overlay-type":"","overlay-color":"","overlay-opacity":"","overlay-gradient":""}},"ast-content-background-meta":{"desktop":{"background-color":"var(--ast-global-color-5)","background-image":"","background-repeat":"repeat","background-position":"center center","background-size":"auto","background-attachment":"scroll","background-type":"","background-media":"","overlay-type":"","overlay-color":"","overlay-opacity":"","overlay-gradient":""},"tablet":{"background-color":"var(--ast-global-color-5)","background-image":"","background-repeat":"repeat","background-position":"center center","background-size":"auto","background-attachment":"scroll","background-type":"","background-media":"","overlay-type":"","overlay-color":"","overlay-opacity":"","overlay-gradient":""},"mobile":{"background-color":"var(--ast-global-color-5)","background-image":"","background-repeat":"repeat","background-position":"center center","background-size":"auto","background-attachment":"scroll","background-type":"","background-media":"","overlay-type":"","overlay-color":"","overlay-opacity":"","overlay-gradient":""}},"footnotes":""},"class_list":["post-31","page","type-page","status-publish","hentry"],"yoast_head":"<!-- This site is optimized with the Yoast SEO plugin v27.2 - https:\/\/yoast.com\/product\/yoast-seo-wordpress\/ -->\n<title>Services - GOIZBELAN<\/title>\n<meta name=\"robots\" content=\"index, follow, max-snippet:-1, max-image-preview:large, max-video-preview:-1\" \/>\n<link rel=\"canonical\" href=\"https:\/\/goizbelan.com\/en\/services\/\" \/>\n<meta property=\"og:locale\" content=\"en_US\" \/>\n<meta property=\"og:type\" content=\"article\" \/>\n<meta property=\"og:title\" content=\"Services - GOIZBELAN\" \/>\n<meta property=\"og:description\" content=\"Principales Servicios Instalaci\u00f3n Ofrecemos servicios especializados en la instalaci\u00f3n de sistemas de alimentaci\u00f3n el\u00e9ctrica para gr\u00faas y maquinaria m\u00f3vil. Nuestros [&hellip;]\" \/>\n<meta property=\"og:url\" content=\"https:\/\/goizbelan.com\/en\/services\/\" \/>\n<meta property=\"og:site_name\" content=\"GOIZBELAN\" \/>\n<meta property=\"article:modified_time\" content=\"2025-08-08T08:50:04+00:00\" \/>\n<meta property=\"og:image\" content=\"https:\/\/goizbelan.com\/wp-content\/uploads\/2024\/09\/MOVIT-MOBILIS-GOIZBELAN-GRUAS-POLIPASTOS-1.jpg\" \/>\n<meta name=\"twitter:card\" content=\"summary_large_image\" \/>\n<meta name=\"twitter:label1\" content=\"Est. reading time\" \/>\n\t<meta name=\"twitter:data1\" content=\"2 minutes\" \/>\n<script type=\"application\/ld+json\" class=\"yoast-schema-graph\">{\"@context\":\"https:\/\/schema.org\",\"@graph\":[{\"@type\":\"WebPage\",\"@id\":\"https:\/\/goizbelan.com\/services\/\",\"url\":\"https:\/\/goizbelan.com\/services\/\",\"name\":\"Services - GOIZBELAN\",\"isPartOf\":{\"@id\":\"https:\/\/goizbelan.com\/#website\"},\"primaryImageOfPage\":{\"@id\":\"https:\/\/goizbelan.com\/services\/#primaryimage\"},\"image\":{\"@id\":\"https:\/\/goizbelan.com\/services\/#primaryimage\"},\"thumbnailUrl\":\"https:\/\/goizbelan.com\/wp-content\/uploads\/2024\/09\/MOVIT-MOBILIS-GOIZBELAN-GRUAS-POLIPASTOS-1.jpg\",\"datePublished\":\"2024-09-01T08:59:30+00:00\",\"dateModified\":\"2025-08-08T08:50:04+00:00\",\"breadcrumb\":{\"@id\":\"https:\/\/goizbelan.com\/services\/#breadcrumb\"},\"inLanguage\":\"en-US\",\"potentialAction\":[{\"@type\":\"ReadAction\",\"target\":[\"https:\/\/goizbelan.com\/services\/\"]}]},{\"@type\":\"ImageObject\",\"inLanguage\":\"en-US\",\"@id\":\"https:\/\/goizbelan.com\/services\/#primaryimage\",\"url\":\"https:\/\/goizbelan.com\/wp-content\/uploads\/2024\/09\/MOVIT-MOBILIS-GOIZBELAN-GRUAS-POLIPASTOS-1.jpg\",\"contentUrl\":\"https:\/\/goizbelan.com\/wp-content\/uploads\/2024\/09\/MOVIT-MOBILIS-GOIZBELAN-GRUAS-POLIPASTOS-1.jpg\"},{\"@type\":\"BreadcrumbList\",\"@id\":\"https:\/\/goizbelan.com\/services\/#breadcrumb\",\"itemListElement\":[{\"@type\":\"ListItem\",\"position\":1,\"name\":\"Portada\",\"item\":\"https:\/\/goizbelan.com\/\"},{\"@type\":\"ListItem\",\"position\":2,\"name\":\"Services\"}]},{\"@type\":\"WebSite\",\"@id\":\"https:\/\/goizbelan.com\/#website\",\"url\":\"https:\/\/goizbelan.com\/\",\"name\":\"GOIZBELAN\",\"description\":\"Soluciones de alimentaci&oacute;n el&eacute;ctrica para gr&uacute;as y elementos m&oacute;viles\",\"publisher\":{\"@id\":\"https:\/\/goizbelan.com\/#organization\"},\"alternateName\":\"GOIZBELAN\",\"potentialAction\":[{\"@type\":\"SearchAction\",\"target\":{\"@type\":\"EntryPoint\",\"urlTemplate\":\"https:\/\/goizbelan.com\/?s={search_term_string}\"},\"query-input\":{\"@type\":\"PropertyValueSpecification\",\"valueRequired\":true,\"valueName\":\"search_term_string\"}}],\"inLanguage\":\"en-US\"},{\"@type\":\"Organization\",\"@id\":\"https:\/\/goizbelan.com\/#organization\",\"name\":\"GOIZBELAN\",\"alternateName\":\"GOIZBELAN\",\"url\":\"https:\/\/goizbelan.com\/\",\"logo\":{\"@type\":\"ImageObject\",\"inLanguage\":\"en-US\",\"@id\":\"https:\/\/goizbelan.com\/#\/schema\/logo\/image\/\",\"url\":\"https:\/\/goizbelan.com\/wp-content\/uploads\/2024\/09\/GOIZBELAN.png\",\"contentUrl\":\"https:\/\/goizbelan.com\/wp-content\/uploads\/2024\/09\/GOIZBELAN.png\",\"width\":118,\"height\":120,\"caption\":\"GOIZBELAN\"},\"image\":{\"@id\":\"https:\/\/goizbelan.com\/#\/schema\/logo\/image\/\"}}]}<\/script>\n<!-- \/ Yoast SEO plugin. -->","yoast_head_json":{"title":"Services - GOIZBELAN","robots":{"index":"index","follow":"follow","max-snippet":"max-snippet:-1","max-image-preview":"max-image-preview:large","max-video-preview":"max-video-preview:-1"},"canonical":"https:\/\/goizbelan.com\/en\/services\/","og_locale":"en_US","og_type":"article","og_title":"Services - GOIZBELAN","og_description":"Principales Servicios Instalaci\u00f3n Ofrecemos servicios especializados en la instalaci\u00f3n de sistemas de alimentaci\u00f3n el\u00e9ctrica para gr\u00faas y maquinaria m\u00f3vil. Nuestros [&hellip;]","og_url":"https:\/\/goizbelan.com\/en\/services\/","og_site_name":"GOIZBELAN","article_modified_time":"2025-08-08T08:50:04+00:00","og_image":[{"url":"https:\/\/goizbelan.com\/wp-content\/uploads\/2024\/09\/MOVIT-MOBILIS-GOIZBELAN-GRUAS-POLIPASTOS-1.jpg","type":"","width":"","height":""}],"twitter_card":"summary_large_image","twitter_misc":{"Est. reading time":"2 minutes"},"schema":{"@context":"https:\/\/schema.org","@graph":[{"@type":"WebPage","@id":"https:\/\/goizbelan.com\/services\/","url":"https:\/\/goizbelan.com\/services\/","name":"Services - GOIZBELAN","isPartOf":{"@id":"https:\/\/goizbelan.com\/#website"},"primaryImageOfPage":{"@id":"https:\/\/goizbelan.com\/services\/#primaryimage"},"image":{"@id":"https:\/\/goizbelan.com\/services\/#primaryimage"},"thumbnailUrl":"https:\/\/goizbelan.com\/wp-content\/uploads\/2024\/09\/MOVIT-MOBILIS-GOIZBELAN-GRUAS-POLIPASTOS-1.jpg","datePublished":"2024-09-01T08:59:30+00:00","dateModified":"2025-08-08T08:50:04+00:00","breadcrumb":{"@id":"https:\/\/goizbelan.com\/services\/#breadcrumb"},"inLanguage":"en-US","potentialAction":[{"@type":"ReadAction","target":["https:\/\/goizbelan.com\/services\/"]}]},{"@type":"ImageObject","inLanguage":"en-US","@id":"https:\/\/goizbelan.com\/services\/#primaryimage","url":"https:\/\/goizbelan.com\/wp-content\/uploads\/2024\/09\/MOVIT-MOBILIS-GOIZBELAN-GRUAS-POLIPASTOS-1.jpg","contentUrl":"https:\/\/goizbelan.com\/wp-content\/uploads\/2024\/09\/MOVIT-MOBILIS-GOIZBELAN-GRUAS-POLIPASTOS-1.jpg"},{"@type":"BreadcrumbList","@id":"https:\/\/goizbelan.com\/services\/#breadcrumb","itemListElement":[{"@type":"ListItem","position":1,"name":"Portada","item":"https:\/\/goizbelan.com\/"},{"@type":"ListItem","position":2,"name":"Services"}]},{"@type":"WebSite","@id":"https:\/\/goizbelan.com\/#website","url":"https:\/\/goizbelan.com\/","name":"GOIZBELAN","description":"Soluciones de alimentaci&oacute;n el&eacute;ctrica para gr&uacute;as y elementos m&oacute;viles","publisher":{"@id":"https:\/\/goizbelan.com\/#organization"},"alternateName":"GOIZBELAN","potentialAction":[{"@type":"SearchAction","target":{"@type":"EntryPoint","urlTemplate":"https:\/\/goizbelan.com\/?s={search_term_string}"},"query-input":{"@type":"PropertyValueSpecification","valueRequired":true,"valueName":"search_term_string"}}],"inLanguage":"en-US"},{"@type":"Organization","@id":"https:\/\/goizbelan.com\/#organization","name":"GOIZBELAN","alternateName":"GOIZBELAN","url":"https:\/\/goizbelan.com\/","logo":{"@type":"ImageObject","inLanguage":"en-US","@id":"https:\/\/goizbelan.com\/#\/schema\/logo\/image\/","url":"https:\/\/goizbelan.com\/wp-content\/uploads\/2024\/09\/GOIZBELAN.png","contentUrl":"https:\/\/goizbelan.com\/wp-content\/uploads\/2024\/09\/GOIZBELAN.png","width":118,"height":120,"caption":"GOIZBELAN"},"image":{"@id":"https:\/\/goizbelan.com\/#\/schema\/logo\/image\/"}}]}},"uagb_featured_image_src":{"full":false,"thumbnail":false,"medium":false,"medium_large":false,"large":false,"1536x1536":false,"2048x2048":false,"trp-custom-language-flag":false},"uagb_author_info":{"display_name":"3lg5ki3ksd1x","author_link":"https:\/\/goizbelan.com\/en\/author\/3lg5ki3ksd1x\/"},"uagb_comment_info":0,"uagb_excerpt":"Principales Servicios Instalaci\u00f3n Ofrecemos servicios especializados en la instalaci\u00f3n de sistemas de alimentaci\u00f3n el\u00e9ctrica para gr\u00faas y maquinaria m\u00f3vil. Nuestros [&hellip;]","_links":{"self":[{"href":"https:\/\/goizbelan.com\/en\/wp-json\/wp\/v2\/pages\/31","targetHints":{"allow":["GET"]}}],"collection":[{"href":"https:\/\/goizbelan.com\/en\/wp-json\/wp\/v2\/pages"}],"about":[{"href":"https:\/\/goizbelan.com\/en\/wp-json\/wp\/v2\/types\/page"}],"author":[{"embeddable":true,"href":"https:\/\/goizbelan.com\/en\/wp-json\/wp\/v2\/users\/9"}],"replies":[{"embeddable":true,"href":"https:\/\/goizbelan.com\/en\/wp-json\/wp\/v2\/comments?post=31"}],"version-history":[{"count":13,"href":"https:\/\/goizbelan.com\/en\/wp-json\/wp\/v2\/pages\/31\/revisions"}],"predecessor-version":[{"id":2023,"href":"https:\/\/goizbelan.com\/en\/wp-json\/wp\/v2\/pages\/31\/revisions\/2023"}],"wp:attachment":[{"href":"https:\/\/goizbelan.com\/en\/wp-json\/wp\/v2\/media?parent=31"}],"curies":[{"name":"wp","href":"https:\/\/api.w.org\/{rel}","templated":true}]}}