{"id":30,"date":"2024-09-01T08:59:31","date_gmt":"2024-09-01T08:59:31","guid":{"rendered":"https:\/\/goizbelan.com\/?page_id=30"},"modified":"2025-07-17T15:42:27","modified_gmt":"2025-07-17T15:42:27","slug":"about","status":"publish","type":"page","link":"https:\/\/goizbelan.com\/en\/about\/","title":{"rendered":"About"},"content":{"rendered":"<div class=\"wp-block-uagb-container uagb-block-1863530f alignfull uagb-is-root-container\"><div class=\"uagb-container-inner-blocks-wrap\">\n<div class=\"wp-block-uagb-advanced-heading uagb-block-ea286ba0\"><h1 class=\"uagb-heading-text\">More than 30 years providing solutions<\/h1><\/div>\n<\/div><\/div>\n\n\n\n<div class=\"wp-block-uagb-container uagb-block-d2e6ba0e alignfull uagb-is-root-container\"><div class=\"uagb-container-inner-blocks-wrap\">\n<div class=\"wp-block-uagb-container uagb-block-2149bad4\">\n<div class=\"wp-block-uagb-advanced-heading uagb-block-ab299bc0\"><h2 class=\"uagb-heading-text\">Discover the trajectory and quality of GOIZBELAN<\/h2><p class=\"uagb-desc-text\">GOIZBELAN is a leader in mobile power solutions for cranes and machinery, with more than 30 years of experience in the market.<\/p><\/div>\n\n\n\n<div class=\"wp-block-uagb-advanced-heading uagb-block-d6349496\"><p class=\"uagb-heading-text\">We stand out for the reliability, safety and high performance of products such as MOBILIS INNO, MOBILIS ELITE and MOBILIS MOVIT.<\/p><\/div>\n<\/div>\n\n\n\n<div class=\"wp-block-uagb-container uagb-block-3184a8fc\">\n<div class=\"wp-block-uagb-image alignright uagb-block-122a5ca6 wp-block-uagb-image--layout-default wp-block-uagb-image--effect-static wp-block-uagb-image--align-right\"><figure class=\"wp-block-uagb-image__figure\"><img decoding=\"async\" srcset=\"https:\/\/goizbelan.com\/wp-content\/uploads\/2024\/09\/movit-mobilis-goizbelan-alimentacion-electrica-gruas-1024x577.jpg ,https:\/\/goizbelan.com\/wp-content\/uploads\/2024\/09\/movit-mobilis-goizbelan-alimentacion-electrica-gruas.jpg 780w, https:\/\/goizbelan.com\/wp-content\/uploads\/2024\/09\/movit-mobilis-goizbelan-alimentacion-electrica-gruas.jpg 360w\" sizes=\"auto, (max-width: 480px) 150px\" src=\"https:\/\/goizbelan.com\/wp-content\/uploads\/2024\/09\/movit-mobilis-goizbelan-alimentacion-electrica-gruas-1024x577.jpg\" alt=\"MOVIT MOBILIS GOIZBELAN ALIMENTACION ELECTRICA GRUAS\" class=\"uag-image-1595\" width=\"600\" height=\"500\" title=\"MOVIT MOBILIS GOIZBELAN ELECTRIC POWER SUPPLY CRANES\" loading=\"lazy\" role=\"img\"\/><\/figure><\/div>\n<\/div>\n<\/div><\/div>\n\n\n\n<div class=\"wp-block-uagb-container uagb-block-e75a8bc7 alignfull uagb-is-root-container\"><div class=\"uagb-container-inner-blocks-wrap\">\n<div class=\"wp-block-group is-layout-constrained wp-block-group-is-layout-constrained\">\n<div class=\"wp-block-uagb-container uagb-block-05573007\">\n<div class=\"wp-block-uagb-container uagb-block-23b65a03\">\n<div class=\"wp-block-uagb-image uagb-block-b4eff159 wp-block-uagb-image--layout-default wp-block-uagb-image--effect-static wp-block-uagb-image--align-none\"><figure class=\"wp-block-uagb-image__figure\"><img decoding=\"async\" srcset=\"https:\/\/goizbelan.com\/wp-content\/uploads\/2024\/09\/movit-mobilis-goizbelan-riel-de-alimentacion-electrica-1024x577.jpg ,https:\/\/goizbelan.com\/wp-content\/uploads\/2024\/09\/movit-mobilis-goizbelan-riel-de-alimentacion-electrica.jpg 780w, https:\/\/goizbelan.com\/wp-content\/uploads\/2024\/09\/movit-mobilis-goizbelan-riel-de-alimentacion-electrica.jpg 360w\" sizes=\"auto, (max-width: 480px) 150px\" src=\"https:\/\/goizbelan.com\/wp-content\/uploads\/2024\/09\/movit-mobilis-goizbelan-riel-de-alimentacion-electrica-1024x577.jpg\" alt=\"movit-mobilis-goizbelan-riel-de-alimentacion-electrica\" class=\"uag-image-1591\" width=\"1024\" height=\"577\" title=\"movit-mobilis-goizbelan-riel-de-alimentacion-electrica\" loading=\"lazy\" role=\"img\"\/><\/figure><\/div>\n<\/div>\n<\/div>\n<\/div>\n\n\n\n<div class=\"wp-block-uagb-container uagb-block-bf753efa\">\n<div class=\"wp-block-uagb-advanced-heading uagb-block-8b828414\"><h2 class=\"uagb-heading-text\">Our customers<\/h2><p class=\"uagb-desc-text\">GOIZBELAN is a leader in mobile power solutions for cranes and machinery, with more than 30 years of experience in the market.<\/p><\/div>\n\n\n\n<div class=\"wp-block-uagb-advanced-heading uagb-block-5c745f98\"><p class=\"uagb-heading-text\">We stand out for the reliability, safety and high performance of products such as MOBILIS INNO, MOBILIS ELITE and MOBILIS MOVIT.<\/p><\/div>\n\n\n\n<p>Our solutions are installed in a large number of customers, such as:<\/p>\n\n\n\n<div class=\"wp-block-group is-layout-constrained wp-block-group-is-layout-constrained\">\n<div class=\"wp-block-columns is-layout-flex wp-container-core-columns-is-layout-28f84493 wp-block-columns-is-layout-flex\">\n<div class=\"wp-block-column is-layout-flow wp-block-column-is-layout-flow\">\n<div class=\"wp-block-uagb-image uagb-block-cf235c30 wp-block-uagb-image--layout-default wp-block-uagb-image--effect-static wp-block-uagb-image--align-none\"><figure class=\"wp-block-uagb-image__figure\"><img decoding=\"async\" srcset=\"https:\/\/goizbelan.com\/wp-content\/uploads\/2024\/09\/CAF.jpg ,https:\/\/goizbelan.com\/wp-content\/uploads\/2024\/09\/CAF.jpg 780w, https:\/\/goizbelan.com\/wp-content\/uploads\/2024\/09\/CAF.jpg 360w\" sizes=\"auto, (max-width: 480px) 150px\" src=\"https:\/\/goizbelan.com\/wp-content\/uploads\/2024\/09\/CAF.jpg\" alt=\"CAF\" class=\"uag-image-1702\" width=\"246\" height=\"95\" title=\"CAF\" loading=\"lazy\" role=\"img\"\/><\/figure><\/div>\n<\/div>\n\n\n\n<div class=\"wp-block-column is-layout-flow wp-block-column-is-layout-flow\">\n<div class=\"wp-block-uagb-image uagb-block-ab78f270 wp-block-uagb-image--layout-default wp-block-uagb-image--effect-static wp-block-uagb-image--align-none\"><figure class=\"wp-block-uagb-image__figure\"><img decoding=\"async\" srcset=\"https:\/\/goizbelan.com\/wp-content\/uploads\/2024\/09\/Adif.jpg ,https:\/\/goizbelan.com\/wp-content\/uploads\/2024\/09\/Adif.jpg 780w, https:\/\/goizbelan.com\/wp-content\/uploads\/2024\/09\/Adif.jpg 360w\" sizes=\"auto, (max-width: 480px) 150px\" src=\"https:\/\/goizbelan.com\/wp-content\/uploads\/2024\/09\/Adif.jpg\" alt=\"Adif\" class=\"uag-image-1703\" width=\"158\" height=\"58\" title=\"Adif\" loading=\"lazy\" role=\"img\"\/><\/figure><\/div>\n<\/div>\n\n\n\n<div class=\"wp-block-column is-layout-flow wp-block-column-is-layout-flow\">\n<div class=\"wp-block-uagb-image uagb-block-8c5f3478 wp-block-uagb-image--layout-default wp-block-uagb-image--effect-static wp-block-uagb-image--align-none\"><figure class=\"wp-block-uagb-image__figure\"><img decoding=\"async\" srcset=\"https:\/\/goizbelan.com\/wp-content\/uploads\/2024\/09\/logo-haizea-wind.jpg ,https:\/\/goizbelan.com\/wp-content\/uploads\/2024\/09\/logo-haizea-wind.jpg 780w, https:\/\/goizbelan.com\/wp-content\/uploads\/2024\/09\/logo-haizea-wind.jpg 360w\" sizes=\"auto, (max-width: 480px) 150px\" src=\"https:\/\/goizbelan.com\/wp-content\/uploads\/2024\/09\/logo-haizea-wind.jpg\" alt=\"logo-haizea-wind\" class=\"uag-image-1704\" width=\"75\" height=\"40\" title=\"logo-haizea-wind\" loading=\"lazy\" role=\"img\"\/><\/figure><\/div>\n<\/div>\n<\/div>\n<\/div>\n\n\n\n<div class=\"wp-block-columns is-layout-flex wp-container-core-columns-is-layout-28f84493 wp-block-columns-is-layout-flex\"><\/div>\n<\/div>\n<\/div><\/div>\n\n\n\n<div class=\"wp-block-uagb-container uagb-block-2a9574c8 alignfull uagb-is-root-container\"><div class=\"uagb-container-inner-blocks-wrap\"><\/div><\/div>\n\n\n\n<p><\/p>","protected":false},"excerpt":{"rendered":"<p>Mas de 30 a\u00f1os aportando soluciones Descubre la trayectoria y calidad de GOIZBELAN GOIZBELAN es l\u00edder en soluciones de alimentaci\u00f3n [&hellip;]<\/p>\n","protected":false},"author":9,"featured_media":0,"parent":0,"menu_order":0,"comment_status":"closed","ping_status":"closed","template":"","meta":{"_uag_custom_page_level_css":"","site-sidebar-layout":"default","site-content-layout":"page-builder","ast-site-content-layout":"full-width-container","site-content-style":"unboxed","site-sidebar-style":"unboxed","ast-global-header-display":"","ast-banner-title-visibility":"","ast-main-header-display":"","ast-hfb-above-header-display":"","ast-hfb-below-header-display":"","ast-hfb-mobile-header-display":"","site-post-title":"disabled","ast-breadcrumbs-content":"","ast-featured-img":"","footer-sml-layout":"","ast-disable-related-posts":"","theme-transparent-header-meta":"","adv-header-id-meta":"","stick-header-meta":"","header-above-stick-meta":"","header-main-stick-meta":"","header-below-stick-meta":"","astra-migrate-meta-layouts":"set","ast-page-background-enabled":"default","ast-page-background-meta":{"desktop":{"background-color":"var(--ast-global-color-4)","background-image":"","background-repeat":"repeat","background-position":"center center","background-size":"auto","background-attachment":"scroll","background-type":"","background-media":"","overlay-type":"","overlay-color":"","overlay-opacity":"","overlay-gradient":""},"tablet":{"background-color":"","background-image":"","background-repeat":"repeat","background-position":"center center","background-size":"auto","background-attachment":"scroll","background-type":"","background-media":"","overlay-type":"","overlay-color":"","overlay-opacity":"","overlay-gradient":""},"mobile":{"background-color":"","background-image":"","background-repeat":"repeat","background-position":"center center","background-size":"auto","background-attachment":"scroll","background-type":"","background-media":"","overlay-type":"","overlay-color":"","overlay-opacity":"","overlay-gradient":""}},"ast-content-background-meta":{"desktop":{"background-color":"var(--ast-global-color-5)","background-image":"","background-repeat":"repeat","background-position":"center center","background-size":"auto","background-attachment":"scroll","background-type":"","background-media":"","overlay-type":"","overlay-color":"","overlay-opacity":"","overlay-gradient":""},"tablet":{"background-color":"var(--ast-global-color-5)","background-image":"","background-repeat":"repeat","background-position":"center center","background-size":"auto","background-attachment":"scroll","background-type":"","background-media":"","overlay-type":"","overlay-color":"","overlay-opacity":"","overlay-gradient":""},"mobile":{"background-color":"var(--ast-global-color-5)","background-image":"","background-repeat":"repeat","background-position":"center center","background-size":"auto","background-attachment":"scroll","background-type":"","background-media":"","overlay-type":"","overlay-color":"","overlay-opacity":"","overlay-gradient":""}},"footnotes":""},"class_list":["post-30","page","type-page","status-publish","hentry"],"yoast_head":"<!-- This site is optimized with the Yoast SEO plugin v27.2 - https:\/\/yoast.com\/product\/yoast-seo-wordpress\/ -->\n<title>About - GOIZBELAN<\/title>\n<meta name=\"robots\" content=\"index, follow, max-snippet:-1, max-image-preview:large, max-video-preview:-1\" \/>\n<link rel=\"canonical\" href=\"https:\/\/goizbelan.com\/en\/about\/\" \/>\n<meta property=\"og:locale\" content=\"en_US\" \/>\n<meta property=\"og:type\" content=\"article\" \/>\n<meta property=\"og:title\" content=\"About - GOIZBELAN\" \/>\n<meta property=\"og:description\" content=\"Mas de 30 a\u00f1os aportando soluciones Descubre la trayectoria y calidad de GOIZBELAN GOIZBELAN es l\u00edder en soluciones de alimentaci\u00f3n [&hellip;]\" \/>\n<meta property=\"og:url\" content=\"https:\/\/goizbelan.com\/en\/about\/\" \/>\n<meta property=\"og:site_name\" content=\"GOIZBELAN\" \/>\n<meta property=\"article:modified_time\" content=\"2025-07-17T15:42:27+00:00\" \/>\n<meta property=\"og:image\" content=\"https:\/\/goizbelan.com\/wp-content\/uploads\/2024\/09\/movit-mobilis-goizbelan-alimentacion-electrica-gruas-1024x577.jpg\" \/>\n<meta name=\"twitter:card\" content=\"summary_large_image\" \/>\n<meta name=\"twitter:label1\" content=\"Est. reading time\" \/>\n\t<meta name=\"twitter:data1\" content=\"2 minutes\" \/>\n<script type=\"application\/ld+json\" class=\"yoast-schema-graph\">{\"@context\":\"https:\/\/schema.org\",\"@graph\":[{\"@type\":\"WebPage\",\"@id\":\"https:\/\/goizbelan.com\/about\/\",\"url\":\"https:\/\/goizbelan.com\/about\/\",\"name\":\"About - GOIZBELAN\",\"isPartOf\":{\"@id\":\"https:\/\/goizbelan.com\/#website\"},\"primaryImageOfPage\":{\"@id\":\"https:\/\/goizbelan.com\/about\/#primaryimage\"},\"image\":{\"@id\":\"https:\/\/goizbelan.com\/about\/#primaryimage\"},\"thumbnailUrl\":\"https:\/\/goizbelan.com\/wp-content\/uploads\/2024\/09\/movit-mobilis-goizbelan-alimentacion-electrica-gruas-1024x577.jpg\",\"datePublished\":\"2024-09-01T08:59:31+00:00\",\"dateModified\":\"2025-07-17T15:42:27+00:00\",\"breadcrumb\":{\"@id\":\"https:\/\/goizbelan.com\/about\/#breadcrumb\"},\"inLanguage\":\"en-US\",\"potentialAction\":[{\"@type\":\"ReadAction\",\"target\":[\"https:\/\/goizbelan.com\/about\/\"]}]},{\"@type\":\"ImageObject\",\"inLanguage\":\"en-US\",\"@id\":\"https:\/\/goizbelan.com\/about\/#primaryimage\",\"url\":\"https:\/\/goizbelan.com\/wp-content\/uploads\/2024\/09\/movit-mobilis-goizbelan-alimentacion-electrica-gruas-1024x577.jpg\",\"contentUrl\":\"https:\/\/goizbelan.com\/wp-content\/uploads\/2024\/09\/movit-mobilis-goizbelan-alimentacion-electrica-gruas-1024x577.jpg\"},{\"@type\":\"BreadcrumbList\",\"@id\":\"https:\/\/goizbelan.com\/about\/#breadcrumb\",\"itemListElement\":[{\"@type\":\"ListItem\",\"position\":1,\"name\":\"Portada\",\"item\":\"https:\/\/goizbelan.com\/\"},{\"@type\":\"ListItem\",\"position\":2,\"name\":\"About\"}]},{\"@type\":\"WebSite\",\"@id\":\"https:\/\/goizbelan.com\/#website\",\"url\":\"https:\/\/goizbelan.com\/\",\"name\":\"GOIZBELAN\",\"description\":\"Soluciones de alimentaci&oacute;n el&eacute;ctrica para gr&uacute;as y elementos m&oacute;viles\",\"publisher\":{\"@id\":\"https:\/\/goizbelan.com\/#organization\"},\"alternateName\":\"GOIZBELAN\",\"potentialAction\":[{\"@type\":\"SearchAction\",\"target\":{\"@type\":\"EntryPoint\",\"urlTemplate\":\"https:\/\/goizbelan.com\/?s={search_term_string}\"},\"query-input\":{\"@type\":\"PropertyValueSpecification\",\"valueRequired\":true,\"valueName\":\"search_term_string\"}}],\"inLanguage\":\"en-US\"},{\"@type\":\"Organization\",\"@id\":\"https:\/\/goizbelan.com\/#organization\",\"name\":\"GOIZBELAN\",\"alternateName\":\"GOIZBELAN\",\"url\":\"https:\/\/goizbelan.com\/\",\"logo\":{\"@type\":\"ImageObject\",\"inLanguage\":\"en-US\",\"@id\":\"https:\/\/goizbelan.com\/#\/schema\/logo\/image\/\",\"url\":\"https:\/\/goizbelan.com\/wp-content\/uploads\/2024\/09\/GOIZBELAN.png\",\"contentUrl\":\"https:\/\/goizbelan.com\/wp-content\/uploads\/2024\/09\/GOIZBELAN.png\",\"width\":118,\"height\":120,\"caption\":\"GOIZBELAN\"},\"image\":{\"@id\":\"https:\/\/goizbelan.com\/#\/schema\/logo\/image\/\"}}]}<\/script>\n<!-- \/ Yoast SEO plugin. -->","yoast_head_json":{"title":"About - GOIZBELAN","robots":{"index":"index","follow":"follow","max-snippet":"max-snippet:-1","max-image-preview":"max-image-preview:large","max-video-preview":"max-video-preview:-1"},"canonical":"https:\/\/goizbelan.com\/en\/about\/","og_locale":"en_US","og_type":"article","og_title":"About - GOIZBELAN","og_description":"Mas de 30 a\u00f1os aportando soluciones Descubre la trayectoria y calidad de GOIZBELAN GOIZBELAN es l\u00edder en soluciones de alimentaci\u00f3n [&hellip;]","og_url":"https:\/\/goizbelan.com\/en\/about\/","og_site_name":"GOIZBELAN","article_modified_time":"2025-07-17T15:42:27+00:00","og_image":[{"url":"https:\/\/goizbelan.com\/wp-content\/uploads\/2024\/09\/movit-mobilis-goizbelan-alimentacion-electrica-gruas-1024x577.jpg","type":"","width":"","height":""}],"twitter_card":"summary_large_image","twitter_misc":{"Est. reading time":"2 minutes"},"schema":{"@context":"https:\/\/schema.org","@graph":[{"@type":"WebPage","@id":"https:\/\/goizbelan.com\/about\/","url":"https:\/\/goizbelan.com\/about\/","name":"About - GOIZBELAN","isPartOf":{"@id":"https:\/\/goizbelan.com\/#website"},"primaryImageOfPage":{"@id":"https:\/\/goizbelan.com\/about\/#primaryimage"},"image":{"@id":"https:\/\/goizbelan.com\/about\/#primaryimage"},"thumbnailUrl":"https:\/\/goizbelan.com\/wp-content\/uploads\/2024\/09\/movit-mobilis-goizbelan-alimentacion-electrica-gruas-1024x577.jpg","datePublished":"2024-09-01T08:59:31+00:00","dateModified":"2025-07-17T15:42:27+00:00","breadcrumb":{"@id":"https:\/\/goizbelan.com\/about\/#breadcrumb"},"inLanguage":"en-US","potentialAction":[{"@type":"ReadAction","target":["https:\/\/goizbelan.com\/about\/"]}]},{"@type":"ImageObject","inLanguage":"en-US","@id":"https:\/\/goizbelan.com\/about\/#primaryimage","url":"https:\/\/goizbelan.com\/wp-content\/uploads\/2024\/09\/movit-mobilis-goizbelan-alimentacion-electrica-gruas-1024x577.jpg","contentUrl":"https:\/\/goizbelan.com\/wp-content\/uploads\/2024\/09\/movit-mobilis-goizbelan-alimentacion-electrica-gruas-1024x577.jpg"},{"@type":"BreadcrumbList","@id":"https:\/\/goizbelan.com\/about\/#breadcrumb","itemListElement":[{"@type":"ListItem","position":1,"name":"Portada","item":"https:\/\/goizbelan.com\/"},{"@type":"ListItem","position":2,"name":"About"}]},{"@type":"WebSite","@id":"https:\/\/goizbelan.com\/#website","url":"https:\/\/goizbelan.com\/","name":"GOIZBELAN","description":"Soluciones de alimentaci&oacute;n el&eacute;ctrica para gr&uacute;as y elementos m&oacute;viles","publisher":{"@id":"https:\/\/goizbelan.com\/#organization"},"alternateName":"GOIZBELAN","potentialAction":[{"@type":"SearchAction","target":{"@type":"EntryPoint","urlTemplate":"https:\/\/goizbelan.com\/?s={search_term_string}"},"query-input":{"@type":"PropertyValueSpecification","valueRequired":true,"valueName":"search_term_string"}}],"inLanguage":"en-US"},{"@type":"Organization","@id":"https:\/\/goizbelan.com\/#organization","name":"GOIZBELAN","alternateName":"GOIZBELAN","url":"https:\/\/goizbelan.com\/","logo":{"@type":"ImageObject","inLanguage":"en-US","@id":"https:\/\/goizbelan.com\/#\/schema\/logo\/image\/","url":"https:\/\/goizbelan.com\/wp-content\/uploads\/2024\/09\/GOIZBELAN.png","contentUrl":"https:\/\/goizbelan.com\/wp-content\/uploads\/2024\/09\/GOIZBELAN.png","width":118,"height":120,"caption":"GOIZBELAN"},"image":{"@id":"https:\/\/goizbelan.com\/#\/schema\/logo\/image\/"}}]}},"uagb_featured_image_src":{"full":false,"thumbnail":false,"medium":false,"medium_large":false,"large":false,"1536x1536":false,"2048x2048":false,"trp-custom-language-flag":false},"uagb_author_info":{"display_name":"3lg5ki3ksd1x","author_link":"https:\/\/goizbelan.com\/en\/author\/3lg5ki3ksd1x\/"},"uagb_comment_info":0,"uagb_excerpt":"Mas de 30 a\u00f1os aportando soluciones Descubre la trayectoria y calidad de GOIZBELAN GOIZBELAN es l\u00edder en soluciones de alimentaci\u00f3n [&hellip;]","_links":{"self":[{"href":"https:\/\/goizbelan.com\/en\/wp-json\/wp\/v2\/pages\/30","targetHints":{"allow":["GET"]}}],"collection":[{"href":"https:\/\/goizbelan.com\/en\/wp-json\/wp\/v2\/pages"}],"about":[{"href":"https:\/\/goizbelan.com\/en\/wp-json\/wp\/v2\/types\/page"}],"author":[{"embeddable":true,"href":"https:\/\/goizbelan.com\/en\/wp-json\/wp\/v2\/users\/9"}],"replies":[{"embeddable":true,"href":"https:\/\/goizbelan.com\/en\/wp-json\/wp\/v2\/comments?post=30"}],"version-history":[{"count":15,"href":"https:\/\/goizbelan.com\/en\/wp-json\/wp\/v2\/pages\/30\/revisions"}],"predecessor-version":[{"id":1997,"href":"https:\/\/goizbelan.com\/en\/wp-json\/wp\/v2\/pages\/30\/revisions\/1997"}],"wp:attachment":[{"href":"https:\/\/goizbelan.com\/en\/wp-json\/wp\/v2\/media?parent=30"}],"curies":[{"name":"wp","href":"https:\/\/api.w.org\/{rel}","templated":true}]}}